{"id":1369,"date":"2023-09-26T19:05:43","date_gmt":"2023-09-26T19:05:43","guid":{"rendered":"https:\/\/xn--vrr-ona.ee\/?page_id=1369"},"modified":"2025-01-28T09:18:15","modified_gmt":"2025-01-28T09:18:15","slug":"zundapp-combinette-1956","status":"publish","type":"page","link":"https:\/\/xn--vrr-ona.ee\/?page_id=1369","title":{"rendered":"Z\u00dcNDAPP COMBINETTE 1956"},"content":{"rendered":"\t\t<div data-elementor-type=\"wp-page\" data-elementor-id=\"1369\" class=\"elementor elementor-1369\">\n\t\t\t\t\t\t\t\t\t<section class=\"elementor-section elementor-top-section elementor-element elementor-element-71508e6c elementor-section-boxed elementor-section-height-default elementor-section-height-default\" data-id=\"71508e6c\" data-element_type=\"section\" data-settings=\"{&quot;background_background&quot;:&quot;classic&quot;}\">\n\t\t\t\t\t\t<div class=\"elementor-container elementor-column-gap-default\">\n\t\t\t\t\t<div class=\"elementor-column elementor-col-50 elementor-top-column elementor-element elementor-element-728c18a3\" data-id=\"728c18a3\" data-element_type=\"column\">\n\t\t\t<div class=\"elementor-widget-wrap elementor-element-populated\">\n\t\t\t\t\t\t\t\t<div class=\"elementor-element elementor-element-2db86f5c elementor-widget elementor-widget-heading\" data-id=\"2db86f5c\" data-element_type=\"widget\" data-widget_type=\"heading.default\">\n\t\t\t\t<div class=\"elementor-widget-container\">\n\t\t\t<style>\/*! elementor - v3.13.3 - 28-05-2023 *\/\n.elementor-heading-title{padding:0;margin:0;line-height:1}.elementor-widget-heading .elementor-heading-title[class*=elementor-size-]>a{color:inherit;font-size:inherit;line-height:inherit}.elementor-widget-heading .elementor-heading-title.elementor-size-small{font-size:15px}.elementor-widget-heading .elementor-heading-title.elementor-size-medium{font-size:19px}.elementor-widget-heading .elementor-heading-title.elementor-size-large{font-size:29px}.elementor-widget-heading .elementor-heading-title.elementor-size-xl{font-size:39px}.elementor-widget-heading .elementor-heading-title.elementor-size-xxl{font-size:59px}<\/style><h3 class=\"elementor-heading-title elementor-size-default\">Z\u00dcNDAPP COMBINETTE TYP405 1956<\/h3>\t\t<\/div>\n\t\t\t\t<\/div>\n\t\t\t\t<section class=\"elementor-section elementor-inner-section elementor-element elementor-element-786ee7fb elementor-section-boxed elementor-section-height-default elementor-section-height-default\" data-id=\"786ee7fb\" data-element_type=\"section\">\n\t\t\t\t\t\t<div class=\"elementor-container elementor-column-gap-default\">\n\t\t\t\t\t<div class=\"elementor-column elementor-col-100 elementor-inner-column elementor-element elementor-element-1250e6fc\" data-id=\"1250e6fc\" data-element_type=\"column\">\n\t\t\t<div class=\"elementor-widget-wrap elementor-element-populated\">\n\t\t\t\t\t\t\t\t<div class=\"elementor-element elementor-element-5c52d292 elementor-widget elementor-widget-text-editor\" data-id=\"5c52d292\" data-element_type=\"widget\" data-widget_type=\"text-editor.default\">\n\t\t\t\t<div class=\"elementor-widget-container\">\n\t\t\t<style>\/*! elementor - v3.13.3 - 28-05-2023 *\/\n.elementor-widget-text-editor.elementor-drop-cap-view-stacked .elementor-drop-cap{background-color:#69727d;color:#fff}.elementor-widget-text-editor.elementor-drop-cap-view-framed .elementor-drop-cap{color:#69727d;border:3px solid;background-color:transparent}.elementor-widget-text-editor:not(.elementor-drop-cap-view-default) .elementor-drop-cap{margin-top:8px}.elementor-widget-text-editor:not(.elementor-drop-cap-view-default) .elementor-drop-cap-letter{width:1em;height:1em}.elementor-widget-text-editor .elementor-drop-cap{float:left;text-align:center;line-height:1;font-size:50px}.elementor-widget-text-editor .elementor-drop-cap-letter{display:inline-block}<\/style>\t\t\t\t<p>Kliki allolevat pilti, et seda suuremalt kuvada!<\/p>\t\t\t\t\t\t<\/div>\n\t\t\t\t<\/div>\n\t\t\t\t\t<\/div>\n\t\t<\/div>\n\t\t\t\t\t\t\t<\/div>\n\t\t<\/section>\n\t\t\t\t<div class=\"elementor-element elementor-element-54e98fd3 elementor-widget-divider--view-line_icon elementor-view-default elementor-widget-divider--element-align-center elementor-widget elementor-widget-divider\" data-id=\"54e98fd3\" data-element_type=\"widget\" data-widget_type=\"divider.default\">\n\t\t\t\t<div class=\"elementor-widget-container\">\n\t\t\t<style>\/*! elementor - v3.13.3 - 28-05-2023 *\/\n.elementor-widget-divider{--divider-border-style:none;--divider-border-width:1px;--divider-color:#0c0d0e;--divider-icon-size:20px;--divider-element-spacing:10px;--divider-pattern-height:24px;--divider-pattern-size:20px;--divider-pattern-url:none;--divider-pattern-repeat:repeat-x}.elementor-widget-divider .elementor-divider{display:flex}.elementor-widget-divider .elementor-divider__text{font-size:15px;line-height:1;max-width:95%}.elementor-widget-divider .elementor-divider__element{margin:0 var(--divider-element-spacing);flex-shrink:0}.elementor-widget-divider .elementor-icon{font-size:var(--divider-icon-size)}.elementor-widget-divider .elementor-divider-separator{display:flex;margin:0;direction:ltr}.elementor-widget-divider--view-line_icon .elementor-divider-separator,.elementor-widget-divider--view-line_text .elementor-divider-separator{align-items:center}.elementor-widget-divider--view-line_icon .elementor-divider-separator:after,.elementor-widget-divider--view-line_icon .elementor-divider-separator:before,.elementor-widget-divider--view-line_text .elementor-divider-separator:after,.elementor-widget-divider--view-line_text .elementor-divider-separator:before{display:block;content:\"\";border-bottom:0;flex-grow:1;border-top:var(--divider-border-width) var(--divider-border-style) var(--divider-color)}.elementor-widget-divider--element-align-left .elementor-divider .elementor-divider-separator>.elementor-divider__svg:first-of-type{flex-grow:0;flex-shrink:100}.elementor-widget-divider--element-align-left .elementor-divider-separator:before{content:none}.elementor-widget-divider--element-align-left .elementor-divider__element{margin-left:0}.elementor-widget-divider--element-align-right .elementor-divider .elementor-divider-separator>.elementor-divider__svg:last-of-type{flex-grow:0;flex-shrink:100}.elementor-widget-divider--element-align-right .elementor-divider-separator:after{content:none}.elementor-widget-divider--element-align-right .elementor-divider__element{margin-right:0}.elementor-widget-divider:not(.elementor-widget-divider--view-line_text):not(.elementor-widget-divider--view-line_icon) .elementor-divider-separator{border-top:var(--divider-border-width) var(--divider-border-style) var(--divider-color)}.elementor-widget-divider--separator-type-pattern{--divider-border-style:none}.elementor-widget-divider--separator-type-pattern.elementor-widget-divider--view-line .elementor-divider-separator,.elementor-widget-divider--separator-type-pattern:not(.elementor-widget-divider--view-line) .elementor-divider-separator:after,.elementor-widget-divider--separator-type-pattern:not(.elementor-widget-divider--view-line) .elementor-divider-separator:before,.elementor-widget-divider--separator-type-pattern:not([class*=elementor-widget-divider--view]) .elementor-divider-separator{width:100%;min-height:var(--divider-pattern-height);-webkit-mask-size:var(--divider-pattern-size) 100%;mask-size:var(--divider-pattern-size) 100%;-webkit-mask-repeat:var(--divider-pattern-repeat);mask-repeat:var(--divider-pattern-repeat);background-color:var(--divider-color);-webkit-mask-image:var(--divider-pattern-url);mask-image:var(--divider-pattern-url)}.elementor-widget-divider--no-spacing{--divider-pattern-size:auto}.elementor-widget-divider--bg-round{--divider-pattern-repeat:round}.rtl .elementor-widget-divider .elementor-divider__text{direction:rtl}.e-con-inner>.elementor-widget-divider,.e-con>.elementor-widget-divider{width:var(--container-widget-width,100%);--flex-grow:var(--container-widget-flex-grow)}<\/style>\t\t<div class=\"elementor-divider\">\n\t\t\t<span class=\"elementor-divider-separator\">\n\t\t\t\t\t\t\t<div class=\"elementor-icon elementor-divider__element\">\n\t\t\t\t\t<\/div>\n\t\t\t\t\t\t<\/span>\n\t\t<\/div>\n\t\t\t\t<\/div>\n\t\t\t\t<\/div>\n\t\t\t\t<div class=\"elementor-element elementor-element-cc6ce elementor-widget elementor-widget-text-editor\" data-id=\"cc6ce\" data-element_type=\"widget\" data-widget_type=\"text-editor.default\">\n\t\t\t\t<div class=\"elementor-widget-container\">\n\t\t\t\t\t\t\t\t\t\t\t\t\t<\/div>\n\t\t\t\t<\/div>\n\t\t\t\t<section class=\"elementor-section elementor-inner-section elementor-element elementor-element-c3321c9 elementor-section-boxed elementor-section-height-default elementor-section-height-default\" data-id=\"c3321c9\" data-element_type=\"section\">\n\t\t\t\t\t\t<div class=\"elementor-container elementor-column-gap-default\">\n\t\t\t\t\t<div class=\"elementor-column elementor-col-100 elementor-inner-column elementor-element elementor-element-f8954bb\" data-id=\"f8954bb\" data-element_type=\"column\">\n\t\t\t<div class=\"elementor-widget-wrap elementor-element-populated\">\n\t\t\t\t\t\t\t\t<div class=\"elementor-element elementor-element-54234ad elementor-widget elementor-widget-text-editor\" data-id=\"54234ad\" data-element_type=\"widget\" data-widget_type=\"text-editor.default\">\n\t\t\t\t<div class=\"elementor-widget-container\">\n\t\t\t\t\t\t\t<p>TOOTJA : Z\u00fcndapp AG, N\u00fcrnberg (GER)<\/p><p>MOOTOR : Z\u00fcndapp (GER)<\/p><p>49cc \/ 2 k\u00e4iku \/ 0,8hj \/ 4000rpm\/ kett\u00fclekanne<\/p>\t\t\t\t\t\t<\/div>\n\t\t\t\t<\/div>\n\t\t\t\t<div class=\"elementor-element elementor-element-686b5a1 elementor-widget elementor-widget-video\" data-id=\"686b5a1\" data-element_type=\"widget\" data-settings=\"{&quot;youtube_url&quot;:&quot;https:\\\/\\\/youtu.be\\\/rHGzL3WU2fs?si=-3dT3ilk4Epaxqh9&quot;,&quot;video_type&quot;:&quot;youtube&quot;,&quot;controls&quot;:&quot;yes&quot;}\" data-widget_type=\"video.default\">\n\t\t\t\t<div class=\"elementor-widget-container\">\n\t\t\t<style>\/*! elementor - v3.13.3 - 28-05-2023 *\/\n.elementor-widget-video .elementor-widget-container{overflow:hidden;transform:translateZ(0)}.elementor-widget-video .elementor-wrapper{aspect-ratio:var(--video-aspect-ratio)}.elementor-widget-video .elementor-wrapper iframe,.elementor-widget-video .elementor-wrapper video{height:100%;width:100%;display:flex;border:none;background-color:#000}@supports not (aspect-ratio:1\/1){.elementor-widget-video .elementor-wrapper{position:relative;overflow:hidden;height:0;padding-bottom:calc(100% \/ var(--video-aspect-ratio))}.elementor-widget-video .elementor-wrapper iframe,.elementor-widget-video .elementor-wrapper video{position:absolute;top:0;right:0;bottom:0;left:0}}.elementor-widget-video .elementor-open-inline .elementor-custom-embed-image-overlay{position:absolute;top:0;left:0;width:100%;height:100%;background-size:cover;background-position:50%}.elementor-widget-video .elementor-custom-embed-image-overlay{cursor:pointer;text-align:center}.elementor-widget-video .elementor-custom-embed-image-overlay:hover .elementor-custom-embed-play i{opacity:1}.elementor-widget-video .elementor-custom-embed-image-overlay img{display:block;width:100%}.elementor-widget-video .e-hosted-video .elementor-video{-o-object-fit:cover;object-fit:cover}.e-con-inner>.elementor-widget-video,.e-con>.elementor-widget-video{width:var(--container-widget-width);--flex-grow:var(--container-widget-flex-grow)}<\/style>\t\t<div class=\"elementor-wrapper elementor-open-inline\">\n\t\t\t<div class=\"elementor-video\"><\/div>\t\t<\/div>\n\t\t\t\t<\/div>\n\t\t\t\t<\/div>\n\t\t\t\t\t<\/div>\n\t\t<\/div>\n\t\t\t\t\t\t\t<\/div>\n\t\t<\/section>\n\t\t\t\t\t<\/div>\n\t\t<\/div>\n\t\t\t\t<div class=\"elementor-column elementor-col-50 elementor-top-column elementor-element elementor-element-10b815fd\" data-id=\"10b815fd\" data-element_type=\"column\">\n\t\t\t<div class=\"elementor-widget-wrap elementor-element-populated\">\n\t\t\t\t\t\t\t\t<div class=\"elementor-element elementor-element-6185d0cd elementor-widget elementor-widget-image\" data-id=\"6185d0cd\" data-element_type=\"widget\" data-widget_type=\"image.default\">\n\t\t\t\t<div class=\"elementor-widget-container\">\n\t\t\t<style>\/*! elementor - v3.13.3 - 28-05-2023 *\/\n.elementor-widget-image{text-align:center}.elementor-widget-image a{display:inline-block}.elementor-widget-image a img[src$=\".svg\"]{width:48px}.elementor-widget-image img{vertical-align:middle;display:inline-block}<\/style>\t\t\t\t\t\t\t\t\t\t\t\t<img loading=\"lazy\" decoding=\"async\" width=\"2048\" height=\"1536\" src=\"https:\/\/xn--vrr-ona.ee\/wp-content\/uploads\/2023\/09\/484689187_392a5767-ed83-453e-9b21-f5a9b7c75446.jpg\" class=\"attachment-full size-full wp-image-1326\" alt=\"V\u00f5rr Moped Z\u00fcndapp Combinette\" srcset=\"https:\/\/xn--vrr-ona.ee\/wp-content\/uploads\/2023\/09\/484689187_392a5767-ed83-453e-9b21-f5a9b7c75446.jpg 2048w, https:\/\/xn--vrr-ona.ee\/wp-content\/uploads\/2023\/09\/484689187_392a5767-ed83-453e-9b21-f5a9b7c75446-300x225.jpg 300w, https:\/\/xn--vrr-ona.ee\/wp-content\/uploads\/2023\/09\/484689187_392a5767-ed83-453e-9b21-f5a9b7c75446-1024x768.jpg 1024w, https:\/\/xn--vrr-ona.ee\/wp-content\/uploads\/2023\/09\/484689187_392a5767-ed83-453e-9b21-f5a9b7c75446-768x576.jpg 768w, https:\/\/xn--vrr-ona.ee\/wp-content\/uploads\/2023\/09\/484689187_392a5767-ed83-453e-9b21-f5a9b7c75446-1536x1152.jpg 1536w\" sizes=\"auto, (max-width: 2048px) 100vw, 2048px\" \/>\t\t\t\t\t\t\t\t\t\t\t\t\t\t\t<\/div>\n\t\t\t\t<\/div>\n\t\t\t\t<section class=\"elementor-section elementor-inner-section elementor-element elementor-element-764a17f5 elementor-section-boxed elementor-section-height-default elementor-section-height-default\" data-id=\"764a17f5\" data-element_type=\"section\">\n\t\t\t\t\t\t<div class=\"elementor-container elementor-column-gap-no\">\n\t\t\t\t\t<div class=\"elementor-column elementor-col-100 elementor-inner-column elementor-element elementor-element-5fc24f6d\" data-id=\"5fc24f6d\" data-element_type=\"column\">\n\t\t\t<div class=\"elementor-widget-wrap elementor-element-populated\">\n\t\t\t\t\t\t\t\t<div class=\"elementor-element elementor-element-28c6fac0 gallery-spacing-custom elementor-widget elementor-widget-image-gallery\" data-id=\"28c6fac0\" data-element_type=\"widget\" data-widget_type=\"image-gallery.default\">\n\t\t\t\t<div class=\"elementor-widget-container\">\n\t\t\t<style>\/*! elementor - v3.13.3 - 28-05-2023 *\/\n.elementor-image-gallery .gallery-item{display:inline-block;text-align:center;vertical-align:top;width:100%;max-width:100%;margin:0 auto}.elementor-image-gallery .gallery-item img{margin:0 auto}.elementor-image-gallery .gallery-item .gallery-caption{margin:0}.elementor-image-gallery figure img{display:block}.elementor-image-gallery figure figcaption{width:100%}.gallery-spacing-custom .elementor-image-gallery .gallery-icon{padding:0}@media (min-width:768px){.elementor-image-gallery .gallery-columns-2 .gallery-item{max-width:50%}.elementor-image-gallery .gallery-columns-3 .gallery-item{max-width:33.33%}.elementor-image-gallery .gallery-columns-4 .gallery-item{max-width:25%}.elementor-image-gallery .gallery-columns-5 .gallery-item{max-width:20%}.elementor-image-gallery .gallery-columns-6 .gallery-item{max-width:16.666%}.elementor-image-gallery .gallery-columns-7 .gallery-item{max-width:14.28%}.elementor-image-gallery .gallery-columns-8 .gallery-item{max-width:12.5%}.elementor-image-gallery .gallery-columns-9 .gallery-item{max-width:11.11%}.elementor-image-gallery .gallery-columns-10 .gallery-item{max-width:10%}}@media (min-width:480px) and (max-width:767px){.elementor-image-gallery .gallery.gallery-columns-2 .gallery-item,.elementor-image-gallery .gallery.gallery-columns-3 .gallery-item,.elementor-image-gallery .gallery.gallery-columns-4 .gallery-item,.elementor-image-gallery .gallery.gallery-columns-5 .gallery-item,.elementor-image-gallery .gallery.gallery-columns-6 .gallery-item,.elementor-image-gallery .gallery.gallery-columns-7 .gallery-item,.elementor-image-gallery .gallery.gallery-columns-8 .gallery-item,.elementor-image-gallery .gallery.gallery-columns-9 .gallery-item,.elementor-image-gallery .gallery.gallery-columns-10 .gallery-item{max-width:50%}}@media (max-width:479px){.elementor-image-gallery .gallery.gallery-columns-2 .gallery-item,.elementor-image-gallery .gallery.gallery-columns-3 .gallery-item,.elementor-image-gallery .gallery.gallery-columns-4 .gallery-item,.elementor-image-gallery .gallery.gallery-columns-5 .gallery-item,.elementor-image-gallery .gallery.gallery-columns-6 .gallery-item,.elementor-image-gallery .gallery.gallery-columns-7 .gallery-item,.elementor-image-gallery .gallery.gallery-columns-8 .gallery-item,.elementor-image-gallery .gallery.gallery-columns-9 .gallery-item,.elementor-image-gallery .gallery.gallery-columns-10 .gallery-item{max-width:100%}}<\/style>\t\t<div class=\"elementor-image-gallery\">\n\t\t\t<div id='gallery-1' class='gallery galleryid-1369 gallery-columns-5 gallery-size-thumbnail'><figure class='gallery-item'>\n\t\t\t<div class='gallery-icon landscape'>\n\t\t\t\t<a data-elementor-open-lightbox=\"yes\" data-elementor-lightbox-slideshow=\"28c6fac0\" data-elementor-lightbox-title=\"V\u00f5rr Moped Z\u00fcndapp Combinette\" data-elementor-lightbox-description=\"V\u00f5rr Moped Z\u00fcndapp Combinette\" data-e-action-hash=\"#elementor-action%3Aaction%3Dlightbox%26settings%3DeyJpZCI6MTMyNSwidXJsIjoiaHR0cHM6XC9cL3huLS12cnItb25hLmVlXC93cC1jb250ZW50XC91cGxvYWRzXC8yMDIzXC8wOVwvNDg0Njg5MTg3XzA5OGU3ODgzLTk0ZGUtNGI1NC1hZDQ3LTE0MGNkZTJjMzJjOC5qcGciLCJzbGlkZXNob3ciOiIyOGM2ZmFjMCJ9\" href='https:\/\/xn--vrr-ona.ee\/wp-content\/uploads\/2023\/09\/484689187_098e7883-94de-4b54-ad47-140cde2c32c8.jpg'><img loading=\"lazy\" decoding=\"async\" width=\"150\" height=\"150\" src=\"https:\/\/xn--vrr-ona.ee\/wp-content\/uploads\/2023\/09\/484689187_098e7883-94de-4b54-ad47-140cde2c32c8-150x150.jpg\" class=\"attachment-thumbnail size-thumbnail\" alt=\"V\u00f5rr Moped Z\u00fcndapp Combinette\" aria-describedby=\"gallery-1-1325\" \/><\/a>\n\t\t\t<\/div>\n\t\t\t\t<figcaption class='wp-caption-text gallery-caption' id='gallery-1-1325'>\n\t\t\t\tV\u00f5rr Moped Z\u00fcndapp Combinette\n\t\t\t\t<\/figcaption><\/figure><figure class='gallery-item'>\n\t\t\t<div class='gallery-icon landscape'>\n\t\t\t\t<a data-elementor-open-lightbox=\"yes\" data-elementor-lightbox-slideshow=\"28c6fac0\" data-elementor-lightbox-title=\"V\u00f5rr Moped Z\u00fcndapp Combinette\" data-elementor-lightbox-description=\"V\u00f5rr Moped Z\u00fcndapp Combinette\" data-e-action-hash=\"#elementor-action%3Aaction%3Dlightbox%26settings%3DeyJpZCI6MTMyOCwidXJsIjoiaHR0cHM6XC9cL3huLS12cnItb25hLmVlXC93cC1jb250ZW50XC91cGxvYWRzXC8yMDIzXC8wOVwvNDg0Njg5MTg3X2QwNDQ4NTZhLTVjODAtNGNkNS04ZGE1LWQ3NWNmNTNhNTY2Mi5qcGciLCJzbGlkZXNob3ciOiIyOGM2ZmFjMCJ9\" href='https:\/\/xn--vrr-ona.ee\/wp-content\/uploads\/2023\/09\/484689187_d044856a-5c80-4cd5-8da5-d75cf53a5662.jpg'><img loading=\"lazy\" decoding=\"async\" width=\"150\" height=\"150\" src=\"https:\/\/xn--vrr-ona.ee\/wp-content\/uploads\/2023\/09\/484689187_d044856a-5c80-4cd5-8da5-d75cf53a5662-150x150.jpg\" class=\"attachment-thumbnail size-thumbnail\" alt=\"V\u00f5rr Moped Z\u00fcndapp Combinette\" aria-describedby=\"gallery-1-1328\" \/><\/a>\n\t\t\t<\/div>\n\t\t\t\t<figcaption class='wp-caption-text gallery-caption' id='gallery-1-1328'>\n\t\t\t\tV\u00f5rr Moped Z\u00fcndapp Combinette\n\t\t\t\t<\/figcaption><\/figure><figure class='gallery-item'>\n\t\t\t<div class='gallery-icon landscape'>\n\t\t\t\t<a data-elementor-open-lightbox=\"yes\" data-elementor-lightbox-slideshow=\"28c6fac0\" data-elementor-lightbox-title=\"V\u00f5rr Moped Z\u00fcndapp Combinette\" data-elementor-lightbox-description=\"V\u00f5rr Moped Z\u00fcndapp Combinette\" data-e-action-hash=\"#elementor-action%3Aaction%3Dlightbox%26settings%3DeyJpZCI6MTMyNywidXJsIjoiaHR0cHM6XC9cL3huLS12cnItb25hLmVlXC93cC1jb250ZW50XC91cGxvYWRzXC8yMDIzXC8wOVwvNDg0Njg5MTg3XzkyOWMwZDcwLWEwZWUtNDYwZi1hNDNlLTQzYTYzNmJiZjYzNi5qcGciLCJzbGlkZXNob3ciOiIyOGM2ZmFjMCJ9\" href='https:\/\/xn--vrr-ona.ee\/wp-content\/uploads\/2023\/09\/484689187_929c0d70-a0ee-460f-a43e-43a636bbf636.jpg'><img loading=\"lazy\" decoding=\"async\" width=\"150\" height=\"150\" src=\"https:\/\/xn--vrr-ona.ee\/wp-content\/uploads\/2023\/09\/484689187_929c0d70-a0ee-460f-a43e-43a636bbf636-150x150.jpg\" class=\"attachment-thumbnail size-thumbnail\" alt=\"V\u00f5rr Moped Z\u00fcndapp Combinette\" aria-describedby=\"gallery-1-1327\" \/><\/a>\n\t\t\t<\/div>\n\t\t\t\t<figcaption class='wp-caption-text gallery-caption' id='gallery-1-1327'>\n\t\t\t\tV\u00f5rr Moped Z\u00fcndapp Combinette\n\t\t\t\t<\/figcaption><\/figure><figure class='gallery-item'>\n\t\t\t<div class='gallery-icon landscape'>\n\t\t\t\t<a data-elementor-open-lightbox=\"yes\" data-elementor-lightbox-slideshow=\"28c6fac0\" data-elementor-lightbox-title=\"V\u00f5rr Moped Z\u00fcndapp Combinette\" data-elementor-lightbox-description=\"V\u00f5rr Moped Z\u00fcndapp Combinette\" data-e-action-hash=\"#elementor-action%3Aaction%3Dlightbox%26settings%3DeyJpZCI6MTMyNiwidXJsIjoiaHR0cHM6XC9cL3huLS12cnItb25hLmVlXC93cC1jb250ZW50XC91cGxvYWRzXC8yMDIzXC8wOVwvNDg0Njg5MTg3XzM5MmE1NzY3LWVkODMtNDUzZS05YjIxLWY1YTliN2M3NTQ0Ni5qcGciLCJzbGlkZXNob3ciOiIyOGM2ZmFjMCJ9\" href='https:\/\/xn--vrr-ona.ee\/wp-content\/uploads\/2023\/09\/484689187_392a5767-ed83-453e-9b21-f5a9b7c75446.jpg'><img loading=\"lazy\" decoding=\"async\" width=\"150\" height=\"150\" src=\"https:\/\/xn--vrr-ona.ee\/wp-content\/uploads\/2023\/09\/484689187_392a5767-ed83-453e-9b21-f5a9b7c75446-150x150.jpg\" class=\"attachment-thumbnail size-thumbnail\" alt=\"V\u00f5rr Moped Z\u00fcndapp Combinette\" aria-describedby=\"gallery-1-1326\" \/><\/a>\n\t\t\t<\/div>\n\t\t\t\t<figcaption class='wp-caption-text gallery-caption' id='gallery-1-1326'>\n\t\t\t\tV\u00f5rr Moped Z\u00fcndapp Combinette\n\t\t\t\t<\/figcaption><\/figure><figure class='gallery-item'>\n\t\t\t<div class='gallery-icon portrait'>\n\t\t\t\t<a data-elementor-open-lightbox=\"yes\" data-elementor-lightbox-slideshow=\"28c6fac0\" data-elementor-lightbox-title=\"v\u00f5rr moped\" data-elementor-lightbox-description=\"v\u00f5rr moped\" data-e-action-hash=\"#elementor-action%3Aaction%3Dlightbox%26settings%3DeyJpZCI6MTg2MSwidXJsIjoiaHR0cHM6XC9cL3huLS12cnItb25hLmVlXC93cC1jb250ZW50XC91cGxvYWRzXC8yMDI1XC8wMVwvenVuZGFwcF9jb3B5LmpwZyIsInNsaWRlc2hvdyI6IjI4YzZmYWMwIn0%3D\" href='https:\/\/xn--vrr-ona.ee\/wp-content\/uploads\/2025\/01\/zundapp_copy.jpg'><img loading=\"lazy\" decoding=\"async\" width=\"150\" height=\"150\" src=\"https:\/\/xn--vrr-ona.ee\/wp-content\/uploads\/2025\/01\/zundapp_copy-150x150.jpg\" class=\"attachment-thumbnail size-thumbnail\" alt=\"v\u00f5rr moped\" aria-describedby=\"gallery-1-1861\" \/><\/a>\n\t\t\t<\/div>\n\t\t\t\t<figcaption class='wp-caption-text gallery-caption' id='gallery-1-1861'>\n\t\t\t\tv\u00f5rr moped\n\t\t\t\t<\/figcaption><\/figure>\n\t\t<\/div>\n\t\t<\/div>\n\t\t\t\t<\/div>\n\t\t\t\t<\/div>\n\t\t\t\t\t<\/div>\n\t\t<\/div>\n\t\t\t\t\t\t\t<\/div>\n\t\t<\/section>\n\t\t\t\t\t<\/div>\n\t\t<\/div>\n\t\t\t\t\t\t\t<\/div>\n\t\t<\/section>\n\t\t\t\t\t\t\t<\/div>\n\t\t","protected":false},"excerpt":{"rendered":"<p>Z\u00dcNDAPP COMBINETTE TYP405 1956 Kliki allolevat pilti, et seda suuremalt kuvada! TOOTJA : Z\u00fcndapp AG, N\u00fcrnberg (GER) MOOTOR : Z\u00fcndapp (GER) 49cc \/ 2 k\u00e4iku \/ 0,8hj \/ 4000rpm\/ kett\u00fclekanne https:\/\/youtu.be\/rHGzL3WU2fs?si=-3dT3ilk4Epaxqh9 V\u00f5rr Moped Z\u00fcndapp Combinette V\u00f5rr Moped Z\u00fcndapp Combinette V\u00f5rr Moped Z\u00fcndapp Combinette V\u00f5rr Moped Z\u00fcndapp Combinette v\u00f5rr moped<\/p>\n","protected":false},"author":1,"featured_media":0,"parent":0,"menu_order":0,"comment_status":"closed","ping_status":"closed","template":"","meta":{"footnotes":""},"class_list":["post-1369","page","type-page","status-publish","hentry"],"aioseo_notices":[],"_links":{"self":[{"href":"https:\/\/xn--vrr-ona.ee\/index.php?rest_route=\/wp\/v2\/pages\/1369","targetHints":{"allow":["GET"]}}],"collection":[{"href":"https:\/\/xn--vrr-ona.ee\/index.php?rest_route=\/wp\/v2\/pages"}],"about":[{"href":"https:\/\/xn--vrr-ona.ee\/index.php?rest_route=\/wp\/v2\/types\/page"}],"author":[{"embeddable":true,"href":"https:\/\/xn--vrr-ona.ee\/index.php?rest_route=\/wp\/v2\/users\/1"}],"replies":[{"embeddable":true,"href":"https:\/\/xn--vrr-ona.ee\/index.php?rest_route=%2Fwp%2Fv2%2Fcomments&post=1369"}],"version-history":[{"count":10,"href":"https:\/\/xn--vrr-ona.ee\/index.php?rest_route=\/wp\/v2\/pages\/1369\/revisions"}],"predecessor-version":[{"id":1864,"href":"https:\/\/xn--vrr-ona.ee\/index.php?rest_route=\/wp\/v2\/pages\/1369\/revisions\/1864"}],"wp:attachment":[{"href":"https:\/\/xn--vrr-ona.ee\/index.php?rest_route=%2Fwp%2Fv2%2Fmedia&parent=1369"}],"curies":[{"name":"wp","href":"https:\/\/api.w.org\/{rel}","templated":true}]}}